{"id":9,"date":"2025-07-10T13:12:48","date_gmt":"2025-07-10T11:12:48","guid":{"rendered":"https:\/\/drmariedoyen.be\/?page_id=9"},"modified":"2025-07-11T15:44:41","modified_gmt":"2025-07-11T13:44:41","slug":"dr-marie-doyen-rhumatologue","status":"publish","type":"page","link":"https:\/\/drmariedoyen.be\/","title":{"rendered":"Dr Marie Doyen Rhumatologue"},"content":{"rendered":"\n<p class=\"has-text-align-center\"><strong>Dr Marie Doyen<\/strong><br>Rue de la Solitude 13A<br>7540 Rumillies<br>Tel : 069 48 01 72<\/p>\n\n\n\n<hr class=\"wp-block-separator has-text-color has-accent-1-color has-alpha-channel-opacity has-accent-1-background-color has-background is-style-dots\"\/>\n\n\n\n<p class=\"has-text-align-left\">Voici quelques&nbsp;<strong>informations importantes avant la prise de rendez-vous<\/strong>&nbsp;:<\/p>\n\n\n\n<ul class=\"wp-block-list\">\n<li><strong>Prise en charge les adultes uniquement (\u2265 18 ans)<\/strong><\/li>\n\n\n\n<li><strong>Pas de suivi des syndromes d\u2019Ehlers-Danlos et de la fibromyalgie<\/strong>&nbsp;qui doivent faire l\u2019objet d\u2019un suivi pluridisciplinaire dans des \u00e9quipes sp\u00e9cialis\u00e9es en prise en charge de la douleur.<\/li>\n\n\n\n<li>Avant toute consultation sp\u00e9cialis\u00e9e, il est pr\u00e9f\u00e9rable de consulter votre m\u00e9decin traitant.&nbsp;Voici quelques pathologies sp\u00e9cifiques \u00e0 la rhumatologie pouvant justifier une consultation :<\/li>\n<\/ul>\n\n\n\n<p><strong>&nbsp; &nbsp; &nbsp; &nbsp; &nbsp; &nbsp; &nbsp;&#8211; Les rhumatismes inflammatoires<\/strong>&nbsp;(polyarthrite rhumato\u00efde, spondylarthrite, rhumatisme psoriasique, pseudo-polyarthrite rhizom\u00e9lique (PPR), goutte, chondrocalcinose, SAPHO, arthrites r\u00e9actionnelles ou li\u00e9es&nbsp; \u00e0 la RCUH ou maladie de Crohn)<br><strong>&nbsp; &nbsp; &nbsp; &nbsp; &nbsp; &nbsp; &nbsp; &#8211; Les rhumatismes syst\u00e9miques&nbsp;<\/strong>(lupus, scl\u00e9rodermie, myosite inflammatoire, syndrome de Sj\u00f6gren, vasculites, maladie de Horton). Ces pathologies n\u00e9cessitent parfois un suivi universitaire conjoint.<br><strong>&nbsp; &nbsp; &nbsp; &nbsp; &nbsp; &nbsp; &nbsp; &#8211; Les pathologies osseuses et du m\u00e9tabolisme phospho-calcique<\/strong>&nbsp;(ost\u00e9oporose, ost\u00e9omalacie, Paget, hyperparathyro\u00efdie,&nbsp;<em>etc<\/em>.)<\/p>\n\n\n\n<p>Les atteintes telles l\u2019arthrose, les sciatiques, les tendinites, les lombalgies, les entorses peuvent \u00eatre prises en charge en premi\u00e8re ligne par votre m\u00e9decin traitant. En cas de n\u00e9cessit\u00e9 d\u2019un avis sp\u00e9cialis\u00e9, diff\u00e9rentes sp\u00e9cialit\u00e9s peuvent \u00eatre consult\u00e9es : m\u00e9decine physique, orthop\u00e9die, rhumatologie,&nbsp;<em>etc<\/em>.<\/p>\n\n\n\n<hr class=\"wp-block-separator has-text-color has-accent-1-color has-alpha-channel-opacity has-accent-1-background-color has-background is-style-dots\"\/>\n","protected":false},"excerpt":{"rendered":"<p>Dr Marie DoyenRue de la Solitude 13A7540 RumilliesTel : 069 48 01 72 Voici quelques&nbsp;informations importantes avant la prise de rendez-vous&nbsp;: &nbsp; &nbsp; &nbsp; &nbsp; &nbsp; &nbsp; &nbsp;&#8211; Les rhumatismes inflammatoires&nbsp;(polyarthrite rhumato\u00efde, spondylarthrite, rhumatisme psoriasique, pseudo-polyarthrite rhizom\u00e9lique (PPR), goutte, chondrocalcinose, SAPHO, arthrites r\u00e9actionnelles ou li\u00e9es&nbsp; \u00e0 la RCUH ou maladie &hellip;<\/p>\n","protected":false},"author":1,"featured_media":0,"parent":0,"menu_order":0,"comment_status":"closed","ping_status":"closed","template":"","meta":{"footnotes":""},"class_list":["post-9","page","type-page","status-publish","hentry"],"_links":{"self":[{"href":"https:\/\/drmariedoyen.be\/index.php\/wp-json\/wp\/v2\/pages\/9","targetHints":{"allow":["GET"]}}],"collection":[{"href":"https:\/\/drmariedoyen.be\/index.php\/wp-json\/wp\/v2\/pages"}],"about":[{"href":"https:\/\/drmariedoyen.be\/index.php\/wp-json\/wp\/v2\/types\/page"}],"author":[{"embeddable":true,"href":"https:\/\/drmariedoyen.be\/index.php\/wp-json\/wp\/v2\/users\/1"}],"replies":[{"embeddable":true,"href":"https:\/\/drmariedoyen.be\/index.php\/wp-json\/wp\/v2\/comments?post=9"}],"version-history":[{"count":7,"href":"https:\/\/drmariedoyen.be\/index.php\/wp-json\/wp\/v2\/pages\/9\/revisions"}],"predecessor-version":[{"id":50,"href":"https:\/\/drmariedoyen.be\/index.php\/wp-json\/wp\/v2\/pages\/9\/revisions\/50"}],"wp:attachment":[{"href":"https:\/\/drmariedoyen.be\/index.php\/wp-json\/wp\/v2\/media?parent=9"}],"curies":[{"name":"wp","href":"https:\/\/api.w.org\/{rel}","templated":true}]}}